{"id":3685,"date":"2024-02-05T13:53:35","date_gmt":"2024-02-05T13:53:35","guid":{"rendered":"https:\/\/lamolineuvoise.fr\/Blog\/?page_id=3685"},"modified":"2025-11-30T13:13:19","modified_gmt":"2025-11-30T13:13:19","slug":"renseignement","status":"publish","type":"page","link":"https:\/\/lamolineuvoise.fr\/blog\/renseignement\/","title":{"rendered":"Renseignements"},"content":{"rendered":"\t\t<div data-elementor-type=\"wp-page\" data-elementor-id=\"3685\" class=\"elementor elementor-3685\">\n\t\t\t\t\t\t<section class=\"elementor-section elementor-top-section elementor-element elementor-element-bf4a7c7 elementor-section-height-min-height elementor-section-boxed elementor-section-height-default elementor-section-items-middle\" data-id=\"bf4a7c7\" data-element_type=\"section\" data-e-type=\"section\" data-settings=\"{&quot;background_background&quot;:&quot;classic&quot;,&quot;shape_divider_bottom&quot;:&quot;opacity-tilt&quot;}\">\n\t\t\t\t\t<div class=\"elementor-shape elementor-shape-bottom\" aria-hidden=\"true\" data-negative=\"false\">\n\t\t\t<svg xmlns=\"http:\/\/www.w3.org\/2000\/svg\" viewBox=\"0 0 2600 131.1\" preserveAspectRatio=\"none\">\n\t<path class=\"elementor-shape-fill\" d=\"M0 0L2600 0 2600 69.1 0 0z\"\/>\n\t<path class=\"elementor-shape-fill\" style=\"opacity:0.5\" d=\"M0 0L2600 0 2600 69.1 0 69.1z\"\/>\n\t<path class=\"elementor-shape-fill\" style=\"opacity:0.25\" d=\"M2600 0L0 0 0 130.1 2600 69.1z\"\/>\n<\/svg>\t\t<\/div>\n\t\t\t\t\t<div class=\"elementor-container elementor-column-gap-default\">\n\t\t\t\t\t<div class=\"elementor-column elementor-col-66 elementor-top-column elementor-element elementor-element-0a6f45a\" data-id=\"0a6f45a\" data-element_type=\"column\" data-e-type=\"column\">\n\t\t\t<div class=\"elementor-widget-wrap elementor-element-populated\">\n\t\t\t\t\t\t<div class=\"elementor-element elementor-element-5584ddc elementor-widget elementor-widget-heading\" data-id=\"5584ddc\" data-element_type=\"widget\" data-e-type=\"widget\" data-widget_type=\"heading.default\">\n\t\t\t\t<div class=\"elementor-widget-container\">\n\t\t\t\t\t<h2 class=\"elementor-heading-title elementor-size-default\">Renseignements<\/h2>\t\t\t\t<\/div>\n\t\t\t\t<\/div>\n\t\t\t\t\t<\/div>\n\t\t<\/div>\n\t\t\t\t<div class=\"elementor-column elementor-col-33 elementor-top-column elementor-element elementor-element-8a67fda\" data-id=\"8a67fda\" data-element_type=\"column\" data-e-type=\"column\">\n\t\t\t<div class=\"elementor-widget-wrap\">\n\t\t\t\t\t\t\t<\/div>\n\t\t<\/div>\n\t\t\t\t\t<\/div>\n\t\t<\/section>\n\t\t\t\t<section class=\"elementor-section elementor-top-section elementor-element elementor-element-6d15fac elementor-section-boxed elementor-section-height-default elementor-section-height-default\" data-id=\"6d15fac\" data-element_type=\"section\" data-e-type=\"section\">\n\t\t\t\t\t\t<div class=\"elementor-container elementor-column-gap-default\">\n\t\t\t\t\t<div class=\"elementor-column elementor-col-100 elementor-top-column elementor-element elementor-element-6d90d8d\" data-id=\"6d90d8d\" data-element_type=\"column\" data-e-type=\"column\">\n\t\t\t<div class=\"elementor-widget-wrap elementor-element-populated\">\n\t\t\t\t\t\t<div class=\"elementor-element elementor-element-17903aa elementor-widget elementor-widget-heading\" data-id=\"17903aa\" data-element_type=\"widget\" data-e-type=\"widget\" data-widget_type=\"heading.default\">\n\t\t\t\t<div class=\"elementor-widget-container\">\n\t\t\t\t\t<h4 class=\"elementor-heading-title elementor-size-default\">L'association<\/h4>\t\t\t\t<\/div>\n\t\t\t\t<\/div>\n\t\t\t\t<div class=\"elementor-element elementor-element-d8076f6 elementor-align-center elementor-widget elementor-widget-button\" data-id=\"d8076f6\" data-element_type=\"widget\" data-e-type=\"widget\" data-widget_type=\"button.default\">\n\t\t\t\t<div class=\"elementor-widget-container\">\n\t\t\t\t\t\t\t\t\t<div class=\"elementor-button-wrapper\">\n\t\t\t\t\t<a class=\"elementor-button elementor-button-link elementor-size-sm\" href=\"https:\/\/lamolineuvoise.fr\/Blog\/contact\/\">\n\t\t\t\t\t\t<span class=\"elementor-button-content-wrapper\">\n\t\t\t\t\t\t<span class=\"elementor-button-icon\">\n\t\t\t\t<i aria-hidden=\"true\" class=\"icon icon-email\"><\/i>\t\t\t<\/span>\n\t\t\t\t\t\t\t\t\t<span class=\"elementor-button-text\">Contacter la Molineuvoise<\/span>\n\t\t\t\t\t<\/span>\n\t\t\t\t\t<\/a>\n\t\t\t\t<\/div>\n\t\t\t\t\t\t\t\t<\/div>\n\t\t\t\t<\/div>\n\t\t\t\t<div class=\"elementor-element elementor-element-4151ba8 elementor-widget elementor-widget-text-editor\" data-id=\"4151ba8\" data-element_type=\"widget\" data-e-type=\"widget\" data-widget_type=\"text-editor.default\">\n\t\t\t\t<div class=\"elementor-widget-container\">\n\t\t\t\t\t\t\t\t\t<p>Association\u00a0loi de 1901\u00a0la Molineuvoise\u00a0d\u00e9clar\u00e9e sous le n\u00b0 2418 &#8211; RNA N\u00b0 W411001717<\/p>\n<p><strong>Siret <\/strong>: 821 622 503 0001<\/p>\n<p><strong>Si\u00e8ge social <\/strong>: Mairie de Molineuf &#8211;\u00a0Molineuf\u00a041190 Valencisse<\/p>\n<p><strong>Objet <\/strong>: Notre <span style=\"font-size: 16px;\">association a pour objet de promouvoir la d\u00e9couverte de la nature par\u00a0:<\/span><\/p>\n<ul>\n<li>l\u2019organisation de randonn\u00e9es p\u00e9destres et VTT sur la commune de Molineuf et aux alentours,<\/li>\n<li>l\u2019organisation de s\u00e9jours de randonn\u00e9es p\u00e9destres hors d\u00e9partement de Loir-et-Cher,<\/li>\n<li>un soutien actif aux associations communales lors de manifestations en rapport avec l\u2019objet de notre Association,<\/li>\n<li>l\u2019organisation et l\u2019animation de la f\u00eate des Radeaux de la Cisse,<\/li>\n<li>l\u2019animation de manifestations \u00e0 caract\u00e8re festif<\/li>\n<\/ul>\t\t\t\t\t\t\t\t<\/div>\n\t\t\t\t<\/div>\n\t\t\t\t\t<\/div>\n\t\t<\/div>\n\t\t\t\t\t<\/div>\n\t\t<\/section>\n\t\t\t\t<section class=\"elementor-section elementor-top-section elementor-element elementor-element-7727c9d elementor-section-boxed elementor-section-height-default elementor-section-height-default\" data-id=\"7727c9d\" data-element_type=\"section\" data-e-type=\"section\">\n\t\t\t\t\t\t<div class=\"elementor-container elementor-column-gap-default\">\n\t\t\t\t\t<div class=\"elementor-column elementor-col-100 elementor-top-column elementor-element elementor-element-553039b\" data-id=\"553039b\" data-element_type=\"column\" data-e-type=\"column\">\n\t\t\t<div class=\"elementor-widget-wrap elementor-element-populated\">\n\t\t\t\t\t\t<div class=\"elementor-element elementor-element-6f02cbd elementor-widget elementor-widget-heading\" data-id=\"6f02cbd\" data-element_type=\"widget\" data-e-type=\"widget\" data-widget_type=\"heading.default\">\n\t\t\t\t<div class=\"elementor-widget-container\">\n\t\t\t\t\t<h4 class=\"elementor-heading-title elementor-size-default\">Le bureau<\/h4>\t\t\t\t<\/div>\n\t\t\t\t<\/div>\n\t\t\t\t<div class=\"elementor-element elementor-element-e6a8314 elementor-invisible elementor-widget elementor-widget-text-editor\" data-id=\"e6a8314\" data-element_type=\"widget\" data-e-type=\"widget\" data-settings=\"{&quot;_animation&quot;:&quot;fadeInLeft&quot;}\" data-widget_type=\"text-editor.default\">\n\t\t\t\t<div class=\"elementor-widget-container\">\n\t\t\t\t\t\t\t\t\t<table style=\"width: 100%; border-collapse: collapse; background-color: #d97914;\">\n<thead>\n<tr>\n<td style=\"width: 33.3333%;\"><strong>Titre<\/strong><\/td>\n<td style=\"width: 33.6119%;\"><strong>Membre<\/strong><\/td>\n<td style=\"width: 33.0547%;\"><strong>Contact<\/strong><\/td>\n<\/tr>\n<\/thead>\n<tbody style=\"color: black; border-color: #525252; background-color: #ffecbf;\">\n<tr>\n<td style=\"width: 33.3333%;\">\u00a0Pr\u00e9sident<\/td>\n<td style=\"width: 33.6119%;\">Jean-Claude FROMET<\/td>\n<td style=\"width: 33.0547%;\"><a href=\"https:\/\/lamolineuvoise.fr\/Blog\/contacter-le-presdent\/\">contacter<\/a><\/td>\n<\/tr>\n<tr>\n<td style=\"width: 33.3333%;\">Vice-Pr\u00e9sident<\/td>\n<td style=\"width: 33.6119%;\">Pierre GEORGET<\/td>\n<td style=\"width: 33.0547%;\"><a href=\"https:\/\/lamolineuvoise.fr\/Blog\/contacter-le-vice-president\/\">contacter<\/a><\/td>\n<\/tr>\n<tr>\n<td style=\"width: 33.3333%;\">Tr\u00e9sorier<\/td>\n<td style=\"width: 33.6119%;\">Michel DELFAU<\/td>\n<td style=\"width: 33.0547%;\"><a href=\"https:\/\/lamolineuvoise.fr\/Blog\/contacter-le-tresorier\/\">contacter<\/a><\/td>\n<\/tr>\n<tr>\n<td style=\"width: 33.3333%;\"><span style=\"font-size: 16px; font-style: normal; font-weight: 400;\">Tr\u00e9sori\u00e8re adjointe<\/span><\/td>\n<td style=\"width: 33.6119%;\"><span style=\"font-size: 16px; font-style: normal; font-weight: 400;\">Marie-France BALAGNY<\/span><\/td>\n<td style=\"width: 33.0547%;\">\u00a0<\/td>\n<\/tr>\n<tr>\n<td style=\"width: 33.3333%;\">Secr\u00e9taire<\/td>\n<td style=\"width: 33.6119%;\">Sylvie CHAPRON<\/td>\n<td style=\"width: 33.0547%;\">\u00a0<\/td>\n<\/tr>\n<tr>\n<td style=\"width: 33.3333%;\">Secr\u00e9taire adjointe<\/td>\n<td style=\"width: 33.6119%;\">Babeth REMAY<\/td>\n<td style=\"width: 33.0547%;\">\u00a0<\/td>\n<\/tr>\n<\/tbody>\n<\/table>\n<p>\u00a0<\/p>\t\t\t\t\t\t\t\t<\/div>\n\t\t\t\t<\/div>\n\t\t\t\t<div class=\"elementor-element elementor-element-cd4885d elementor-widget elementor-widget-heading\" data-id=\"cd4885d\" data-element_type=\"widget\" data-e-type=\"widget\" data-widget_type=\"heading.default\">\n\t\t\t\t<div class=\"elementor-widget-container\">\n\t\t\t\t\t<h4 class=\"elementor-heading-title elementor-size-default\">Notre fonctionnement<\/h4>\t\t\t\t<\/div>\n\t\t\t\t<\/div>\n\t\t\t\t<div class=\"elementor-element elementor-element-929606b elementor-widget elementor-widget-text-editor\" data-id=\"929606b\" data-element_type=\"widget\" data-e-type=\"widget\" data-widget_type=\"text-editor.default\">\n\t\t\t\t<div class=\"elementor-widget-container\">\n\t\t\t\t\t\t\t\t\t<p><a href=\"https:\/\/lamolineuvoise.fr\/Blog\/wp-content\/uploads\/2025\/09\/Molineuvoise_Organisation.pdf\" target=\"_blank\" rel=\"noopener\"><img decoding=\"async\" class=\"alignnone size-full wp-image-3129\" src=\"https:\/\/lamolineuvoise.fr\/Blog\/wp-content\/uploads\/2024\/01\/pdf_logo.gif\" alt=\"\" width=\"50\" height=\"63\" \/><\/a> T\u00e9l\u00e9chargez la brocure de pr\u00e9sentation de la Molineuvoise<\/p>\t\t\t\t\t\t\t\t<\/div>\n\t\t\t\t<\/div>\n\t\t\t\t\t<\/div>\n\t\t<\/div>\n\t\t\t\t\t<\/div>\n\t\t<\/section>\n\t\t\t\t<section class=\"elementor-section elementor-top-section elementor-element elementor-element-61e1894 elementor-section-boxed elementor-section-height-default elementor-section-height-default\" data-id=\"61e1894\" data-element_type=\"section\" data-e-type=\"section\">\n\t\t\t\t\t\t<div class=\"elementor-container elementor-column-gap-default\">\n\t\t\t\t\t<div class=\"elementor-column elementor-col-100 elementor-top-column elementor-element elementor-element-347b223\" data-id=\"347b223\" data-element_type=\"column\" data-e-type=\"column\">\n\t\t\t<div class=\"elementor-widget-wrap elementor-element-populated\">\n\t\t\t\t\t\t<div class=\"elementor-element elementor-element-47b6ce4 elementor-widget elementor-widget-heading\" data-id=\"47b6ce4\" data-element_type=\"widget\" data-e-type=\"widget\" data-widget_type=\"heading.default\">\n\t\t\t\t<div class=\"elementor-widget-container\">\n\t\t\t\t\t<h4 class=\"elementor-heading-title elementor-size-default\">Tarifs de nos randonn\u00e9es<\/h4>\t\t\t\t<\/div>\n\t\t\t\t<\/div>\n\t\t\t\t<div class=\"elementor-element elementor-element-ed8a7df elementor-widget elementor-widget-text-editor\" data-id=\"ed8a7df\" data-element_type=\"widget\" data-e-type=\"widget\" data-widget_type=\"text-editor.default\">\n\t\t\t\t<div class=\"elementor-widget-container\">\n\t\t\t\t\t\t\t\t\t<p>Consultez le calendrier des randonn\u00e9es\u00a0Ici<\/p>\t\t\t\t\t\t\t\t<\/div>\n\t\t\t\t<\/div>\n\t\t\t\t<div class=\"elementor-element elementor-element-72f083b elementor-invisible elementor-widget elementor-widget-text-editor\" data-id=\"72f083b\" data-element_type=\"widget\" data-e-type=\"widget\" data-settings=\"{&quot;_animation&quot;:&quot;fadeInRight&quot;}\" data-widget_type=\"text-editor.default\">\n\t\t\t\t<div class=\"elementor-widget-container\">\n\t\t\t\t\t\t\t\t\t<table style=\"width: 101.315%; border-collapse: collapse; background-color: #d97914; height: 372px;\">\n<thead>\n<tr>\n<td style=\"width: 33.3333%;\">\u00a0<\/td>\n<td style=\"width: 33.6119%;\"><strong>Randonn\u00e9es p\u00e9destres \u00ab\u00a0ordinaires\u00a0\u00bb<\/strong><\/td>\n<td style=\"width: 33.0547%;\"><strong>Randonn\u00e9es avec longs parcours<\/strong><\/td>\n<\/tr>\n<\/thead>\n<tbody style=\"color: black; border-color: #525252; background-color: #ffecbf;\">\n<tr>\n<td style=\"width: 33.3333%;\">Adultes non licenci\u00e9s<\/td>\n<td style=\"width: 33.6119%;\">3,5\u20ac<\/td>\n<td style=\"width: 33.0547%;\">6 \u00e0 20km : 3,5\u20ac<br \/>&gt;20km : 4,5\u20ac<\/td>\n<\/tr>\n<tr>\n<td style=\"width: 33.3333%;\">Adultes licenci\u00e9s FFRP<\/td>\n<td style=\"width: 33.6119%;\">3,0\u20ac<\/td>\n<td style=\"width: 33.0547%;\">6 \u00e0 20km : 3,0\u20ac<br \/>&gt;20km : 4,0\u20ac<\/td>\n<\/tr>\n<tr>\n<td style=\"width: 33.3333%;\">Enfants &lt;14ans<\/td>\n<td style=\"width: 33.6119%;\">Gratuit<\/td>\n<td style=\"width: 33.0547%;\">Gratuit<\/td>\n<\/tr>\n<tr>\n<td style=\"width: 33.3333%;\">Ravitaillement<\/td>\n<td style=\"width: 33.6119%;\">1 pause casse-cro\u00fbte \u00e0 mi- parcours.<br \/>Ap\u00e9ritif \u00e0 l&rsquo;arriv\u00e9e<\/td>\n<td style=\"width: 33.0547%;\">1 ou 2 pauses casse-cro\u00fbte selon distance\u00a0<br \/>Ap\u00e9ritif \u00e0 l&rsquo;arriv\u00e9e<\/td>\n<\/tr>\n<\/tbody>\n<\/table>\n<p>Lorem i<\/p>\t\t\t\t\t\t\t\t<\/div>\n\t\t\t\t<\/div>\n\t\t\t\t\t<\/div>\n\t\t<\/div>\n\t\t\t\t\t<\/div>\n\t\t<\/section>\n\t\t\t\t<section class=\"elementor-section elementor-top-section elementor-element elementor-element-21010a5 elementor-section-boxed elementor-section-height-default elementor-section-height-default\" data-id=\"21010a5\" data-element_type=\"section\" data-e-type=\"section\">\n\t\t\t\t\t\t<div class=\"elementor-container elementor-column-gap-default\">\n\t\t\t\t\t<div class=\"elementor-column elementor-col-100 elementor-top-column elementor-element elementor-element-5bbb8c7\" data-id=\"5bbb8c7\" data-element_type=\"column\" data-e-type=\"column\">\n\t\t\t<div class=\"elementor-widget-wrap elementor-element-populated\">\n\t\t\t\t\t\t<div class=\"elementor-element elementor-element-ec7a2ee elementor-widget elementor-widget-heading\" data-id=\"ec7a2ee\" data-element_type=\"widget\" data-e-type=\"widget\" data-widget_type=\"heading.default\">\n\t\t\t\t<div class=\"elementor-widget-container\">\n\t\t\t\t\t<h4 class=\"elementor-heading-title elementor-size-default\">Nous contacter<\/h4>\t\t\t\t<\/div>\n\t\t\t\t<\/div>\n\t\t\t\t<div class=\"elementor-element elementor-element-1dafab0 elementor-widget elementor-widget-text-editor\" data-id=\"1dafab0\" data-element_type=\"widget\" data-e-type=\"widget\" data-widget_type=\"text-editor.default\">\n\t\t\t\t<div class=\"elementor-widget-container\">\n\t\t\t\t\t\t\t\t\t<p>Pour contacter La Molineuvoise\u00a0par t\u00e9l\u00e9phone, appelez l&rsquo;un des membres du bureau (voir ci-dessus) ou appeler la Mairie de Molineuf au\u00a002.54.70.05.23\u00a0qui transmettra votre appel (Heures d&rsquo;ouverture :\u00a0 Mardi, Mercredi, Jeudi, Vendredi de 15h0 \u00e0 17h30 samedi de 9h0 \u00e0 11h30).<\/p>\n<p><strong>Site internet<\/strong> : <a href=\"https:\/\/www.valencisse.fr\/plan_du_site\/5651\">Mairie &#8211; Valencisse<\/a><\/p>\t\t\t\t\t\t\t\t<\/div>\n\t\t\t\t<\/div>\n\t\t\t\t\t<\/div>\n\t\t<\/div>\n\t\t\t\t\t<\/div>\n\t\t<\/section>\n\t\t\t\t<\/div>\n\t\t","protected":false},"excerpt":{"rendered":"<p>Renseignements L&rsquo;association Contacter la Molineuvoise Association\u00a0loi de 1901\u00a0la Molineuvoise\u00a0d\u00e9clar\u00e9e sous le n\u00b0 2418 &#8211; RNA N\u00b0 W411001717 Siret : 821 622 503 0001 Si\u00e8ge social : Mairie de Molineuf &#8211;\u00a0Molineuf\u00a041190 [&hellip;]<\/p>\n","protected":false},"author":3,"featured_media":0,"parent":0,"menu_order":0,"comment_status":"closed","ping_status":"closed","template":"","meta":{"om_disable_all_campaigns":false,"_uag_custom_page_level_css":"","site-sidebar-layout":"no-sidebar","site-content-layout":"","ast-site-content-layout":"full-width-container","site-content-style":"default","site-sidebar-style":"default","ast-global-header-display":"","ast-banner-title-visibility":"","ast-main-header-display":"","ast-hfb-above-header-display":"","ast-hfb-below-header-display":"","ast-hfb-mobile-header-display":"","site-post-title":"disabled","ast-breadcrumbs-content":"","ast-featured-img":"disabled","footer-sml-layout":"","ast-disable-related-posts":"","theme-transparent-header-meta":"","adv-header-id-meta":"","stick-header-meta":"","header-above-stick-meta":"","header-main-stick-meta":"","header-below-stick-meta":"","astra-migrate-meta-layouts":"default","ast-page-background-enabled":"default","ast-page-background-meta":{"desktop":{"background-color":"var(--ast-global-color-5)","background-image":"","background-repeat":"repeat","background-position":"center center","background-size":"auto","background-attachment":"scroll","background-type":"","background-media":"","overlay-type":"","overlay-color":"","overlay-opacity":"","overlay-gradient":""},"tablet":{"background-color":"","background-image":"","background-repeat":"repeat","background-position":"center center","background-size":"auto","background-attachment":"scroll","background-type":"","background-media":"","overlay-type":"","overlay-color":"","overlay-opacity":"","overlay-gradient":""},"mobile":{"background-color":"","background-image":"","background-repeat":"repeat","background-position":"center center","background-size":"auto","background-attachment":"scroll","background-type":"","background-media":"","overlay-type":"","overlay-color":"","overlay-opacity":"","overlay-gradient":""}},"ast-content-background-meta":{"desktop":{"background-color":"var(--ast-global-color-4)","background-image":"","background-repeat":"repeat","background-position":"center center","background-size":"auto","background-attachment":"scroll","background-type":"","background-media":"","overlay-type":"","overlay-color":"","overlay-opacity":"","overlay-gradient":""},"tablet":{"background-color":"var(--ast-global-color-4)","background-image":"","background-repeat":"repeat","background-position":"center center","background-size":"auto","background-attachment":"scroll","background-type":"","background-media":"","overlay-type":"","overlay-color":"","overlay-opacity":"","overlay-gradient":""},"mobile":{"background-color":"var(--ast-global-color-4)","background-image":"","background-repeat":"repeat","background-position":"center center","background-size":"auto","background-attachment":"scroll","background-type":"","background-media":"","overlay-type":"","overlay-color":"","overlay-opacity":"","overlay-gradient":""}},"ngg_post_thumbnail":0,"_EventAllDay":false,"_EventTimezone":"","_EventStartDate":"","_EventEndDate":"","_EventStartDateUTC":"","_EventEndDateUTC":"","_EventShowMap":false,"_EventShowMapLink":false,"_EventURL":"","_EventCost":"","_EventCostDescription":"","_EventCurrencySymbol":"","_EventCurrencyCode":"","_EventCurrencyPosition":"","_EventDateTimeSeparator":"","_EventTimeRangeSeparator":"","_EventOrganizerID":[],"_EventVenueID":[],"_OrganizerEmail":"","_OrganizerPhone":"","_OrganizerWebsite":"","_VenueAddress":"","_VenueCity":"","_VenueCountry":"","_VenueProvince":"","_VenueState":"","_VenueZip":"","_VenuePhone":"","_VenueURL":"","_VenueStateProvince":"","_VenueLat":"","_VenueLng":"","_VenueShowMap":false,"_VenueShowMapLink":false,"footnotes":""},"class_list":["post-3685","page","type-page","status-publish","hentry"],"uagb_featured_image_src":{"full":false,"thumbnail":false,"medium":false,"medium_large":false,"large":false,"1536x1536":false,"2048x2048":false},"uagb_author_info":{"display_name":"LA MOLINEUVOISE","author_link":"https:\/\/lamolineuvoise.fr\/blog\/author\/a_2meen\/"},"uagb_comment_info":0,"uagb_excerpt":"Renseignements L&rsquo;association Contacter la Molineuvoise Association\u00a0loi de 1901\u00a0la Molineuvoise\u00a0d\u00e9clar\u00e9e sous le n\u00b0 2418 &#8211; RNA N\u00b0 W411001717 Siret : 821 622 503 0001 Si\u00e8ge social : Mairie de Molineuf &#8211;\u00a0Molineuf\u00a041190 [&hellip;]","_links":{"self":[{"href":"https:\/\/lamolineuvoise.fr\/blog\/wp-json\/wp\/v2\/pages\/3685","targetHints":{"allow":["GET"]}}],"collection":[{"href":"https:\/\/lamolineuvoise.fr\/blog\/wp-json\/wp\/v2\/pages"}],"about":[{"href":"https:\/\/lamolineuvoise.fr\/blog\/wp-json\/wp\/v2\/types\/page"}],"author":[{"embeddable":true,"href":"https:\/\/lamolineuvoise.fr\/blog\/wp-json\/wp\/v2\/users\/3"}],"replies":[{"embeddable":true,"href":"https:\/\/lamolineuvoise.fr\/blog\/wp-json\/wp\/v2\/comments?post=3685"}],"version-history":[{"count":76,"href":"https:\/\/lamolineuvoise.fr\/blog\/wp-json\/wp\/v2\/pages\/3685\/revisions"}],"predecessor-version":[{"id":7087,"href":"https:\/\/lamolineuvoise.fr\/blog\/wp-json\/wp\/v2\/pages\/3685\/revisions\/7087"}],"wp:attachment":[{"href":"https:\/\/lamolineuvoise.fr\/blog\/wp-json\/wp\/v2\/media?parent=3685"}],"curies":[{"name":"wp","href":"https:\/\/api.w.org\/{rel}","templated":true}]}}