{"id":1322,"date":"2022-02-24T05:02:56","date_gmt":"2022-02-24T05:02:56","guid":{"rendered":"http:\/\/lamolineuvoise.fr\/Blog\/home\/"},"modified":"2026-03-10T08:12:32","modified_gmt":"2026-03-10T08:12:32","slug":"accueil","status":"publish","type":"page","link":"https:\/\/lamolineuvoise.fr\/blog\/","title":{"rendered":"Accueil"},"content":{"rendered":"\t\t<div data-elementor-type=\"wp-page\" data-elementor-id=\"1322\" class=\"elementor elementor-1322\">\n\t\t\t\t\t\t\t\t<div class=\"premium-shape-divider__shape-container\" id=\"premium-shape-divider-c6205bc\" style=\"visibility:hidden; position: absolute; opacity:0;\">\n\t\t\t\t\t<svg class= xmlns='http:\/\/www.w3.org\/2000\/svg' aria-hidden='true' viewBox='0 0 35.28 2.17' preserveAspectRatio='none'><path d='M35.28 1.16c-3.17-.8-7.3.4-10.04.56-2.76.17-9.25-1.47-12.68-1.3-3.42.16-4.64.84-7.04.86C3.12 1.31 0 .4 0 .4v1.77h35.28z' fill='%23fbd8c2'\/><\/svg>\t\t\t\t<\/div>\n\t\t\t<header class=\"elementor-element elementor-element-c6205bc e-con-full premium-shape-divider-yes e-flex premium-shape-divider__default premium-shape22 premium-shape-divider-anime-yes e-con e-parent\" data-id=\"c6205bc\" data-element_type=\"container\" data-e-type=\"container\" data-settings=\"{&quot;background_background&quot;:&quot;video&quot;,&quot;shape_divider_bottom&quot;:&quot;opacity-tilt&quot;,&quot;background_video_link&quot;:&quot;https:\\\/\\\/youtu.be\\\/SHQMlRYgSsY&quot;,&quot;background_play_on_mobile&quot;:&quot;yes&quot;,&quot;background_video_start&quot;:0,&quot;background_video_end&quot;:74}\">\n\t\t<div class=\"elementor-background-video-container\">\n\t\t\t\t\t\t\t<div class=\"elementor-background-video-embed\" role=\"presentation\"><\/div>\n\t\t\t\t\t\t<\/div>\t\t<div class=\"elementor-shape elementor-shape-bottom\" aria-hidden=\"true\" data-negative=\"false\">\n\t\t\t<svg xmlns=\"http:\/\/www.w3.org\/2000\/svg\" viewBox=\"0 0 2600 131.1\" preserveAspectRatio=\"none\">\n\t<path class=\"elementor-shape-fill\" d=\"M0 0L2600 0 2600 69.1 0 0z\"\/>\n\t<path class=\"elementor-shape-fill\" style=\"opacity:0.5\" d=\"M0 0L2600 0 2600 69.1 0 69.1z\"\/>\n\t<path class=\"elementor-shape-fill\" style=\"opacity:0.25\" d=\"M2600 0L0 0 0 130.1 2600 69.1z\"\/>\n<\/svg>\t\t<\/div>\n\t\t\t\t<div class=\"elementor-element elementor-element-fb90fbc elementor-widget elementor-widget-heading\" data-id=\"fb90fbc\" data-element_type=\"widget\" data-e-type=\"widget\" data-widget_type=\"heading.default\">\n\t\t\t\t<div class=\"elementor-widget-container\">\n\t\t\t\t\t<h2 class=\"elementor-heading-title elementor-size-default\">La Molineuvoise<br>\n\n<span style=\"font-size: 12pt\">Le plaisir de marcher<span><\/h2>\t\t\t\t<\/div>\n\t\t\t\t<\/div>\n\t\t\t\t<\/header>\n\t\t\t\t<section class=\"elementor-section elementor-top-section elementor-element elementor-element-51448f7 elementor-section-boxed elementor-section-height-default elementor-section-height-default\" data-id=\"51448f7\" data-element_type=\"section\" data-e-type=\"section\">\n\t\t\t\t\t\t<div class=\"elementor-container elementor-column-gap-default\">\n\t\t\t\t\t<div class=\"elementor-column elementor-col-100 elementor-top-column elementor-element elementor-element-f62533b\" data-id=\"f62533b\" data-element_type=\"column\" data-e-type=\"column\">\n\t\t\t<div class=\"elementor-widget-wrap elementor-element-populated\">\n\t\t\t\t\t\t<div class=\"elementor-element elementor-element-bac703d elementor-widget elementor-widget-heading\" data-id=\"bac703d\" data-element_type=\"widget\" data-e-type=\"widget\" data-widget_type=\"heading.default\">\n\t\t\t\t<div class=\"elementor-widget-container\">\n\t\t\t\t\t<h4 class=\"elementor-heading-title elementor-size-default\">Dates \u00e0 retenir<\/h4>\t\t\t\t<\/div>\n\t\t\t\t<\/div>\n\t\t\t\t\t<\/div>\n\t\t<\/div>\n\t\t\t\t\t<\/div>\n\t\t<\/section>\n\t\t\t\t<section class=\"elementor-section elementor-top-section elementor-element elementor-element-92c3506 elementor-section-boxed elementor-section-height-default elementor-section-height-default\" data-id=\"92c3506\" data-element_type=\"section\" data-e-type=\"section\">\n\t\t\t\t\t\t<div class=\"elementor-container elementor-column-gap-default\">\n\t\t\t\t\t<div class=\"elementor-column elementor-col-100 elementor-top-column elementor-element elementor-element-313b2af\" data-id=\"313b2af\" data-element_type=\"column\" data-e-type=\"column\">\n\t\t\t<div class=\"elementor-widget-wrap elementor-element-populated\">\n\t\t\t\t\t\t<div class=\"elementor-element elementor-element-42fd633 elementor-widget-divider--view-line elementor-widget elementor-widget-divider\" data-id=\"42fd633\" data-element_type=\"widget\" data-e-type=\"widget\" data-widget_type=\"divider.default\">\n\t\t\t\t<div class=\"elementor-widget-container\">\n\t\t\t\t\t\t\t<div class=\"elementor-divider\">\n\t\t\t<span class=\"elementor-divider-separator\">\n\t\t\t\t\t\t<\/span>\n\t\t<\/div>\n\t\t\t\t\t\t<\/div>\n\t\t\t\t<\/div>\n\t\t\t\t<div class=\"elementor-element elementor-element-c4fd81b e-n-tabs-mobile elementor-widget elementor-widget-n-tabs\" data-id=\"c4fd81b\" data-element_type=\"widget\" data-e-type=\"widget\" data-settings=\"{&quot;tabs_justify_horizontal&quot;:&quot;stretch&quot;,&quot;horizontal_scroll&quot;:&quot;disable&quot;}\" data-widget_type=\"nested-tabs.default\">\n\t\t\t\t<div class=\"elementor-widget-container\">\n\t\t\t\t\t\t\t<div class=\"e-n-tabs\" data-widget-number=\"206559259\" aria-label=\"Onglets. Ouvrez des \u00e9l\u00e9ments avec Entrer ou Espace, fermez-les avec Echape et naviguez \u00e0 l&#039;aide des touches fl\u00e9ch\u00e9es.\">\n\t\t\t<div class=\"e-n-tabs-heading\" role=\"tablist\">\n\t\t\t\t\t<button id=\"e-n-tab-title-2065592591\" data-tab-title-id=\"e-n-tab-title-2065592591\" class=\"e-n-tab-title\" aria-selected=\"true\" data-tab-index=\"1\" role=\"tab\" tabindex=\"0\" aria-controls=\"e-n-tab-content-2065592591\" style=\"--n-tabs-title-order: 1;\">\n\t\t\t\t\t<span class=\"e-n-tab-icon\">\n\t\t\t<i aria-hidden=\"true\" class=\"fas fa-eye\"><\/i>\t\t\t<i aria-hidden=\"true\" class=\"fas fa-walking\"><\/i>\t\t<\/span>\n\t\t\t\t\t<span class=\"e-n-tab-title-text\">\n\t\t\t\tRandonn\u00e9e Moulins en Cisse\t\t\t<\/span>\n\t\t<\/button>\n\t\t\t\t<button id=\"e-n-tab-title-2065592592\" data-tab-title-id=\"e-n-tab-title-2065592592\" class=\"e-n-tab-title\" aria-selected=\"false\" data-tab-index=\"2\" role=\"tab\" tabindex=\"-1\" aria-controls=\"e-n-tab-content-2065592592\" style=\"--n-tabs-title-order: 2;\">\n\t\t\t\t\t\t<span class=\"e-n-tab-title-text\">\n\t\t\t\tRandonn\u00e9e nocturne\t\t\t<\/span>\n\t\t<\/button>\n\t\t\t\t<button id=\"e-n-tab-title-2065592593\" data-tab-title-id=\"e-n-tab-title-2065592593\" class=\"e-n-tab-title\" aria-selected=\"false\" data-tab-index=\"3\" role=\"tab\" tabindex=\"-1\" aria-controls=\"e-n-tab-content-2065592593\" style=\"--n-tabs-title-order: 3;\">\n\t\t\t\t\t\t<span class=\"e-n-tab-title-text\">\n\t\t\t\tAssembl\u00e9e g\u00e9n\u00e9rale\t\t\t<\/span>\n\t\t<\/button>\n\t\t\t\t\t<\/div>\n\t\t\t<div class=\"e-n-tabs-content\">\n\t\t\t\t<div id=\"e-n-tab-content-2065592591\" role=\"tabpanel\" aria-labelledby=\"e-n-tab-title-2065592591\" data-tab-index=\"1\" style=\"--n-tabs-title-order: 1;\" class=\"e-active elementor-element elementor-element-520dfc4 e-con-full e-flex e-con e-child\" data-id=\"520dfc4\" data-element_type=\"container\" data-e-type=\"container\">\n\t\t<div class=\"elementor-element elementor-element-2123afa e-flex e-con-boxed e-con e-child\" data-id=\"2123afa\" data-element_type=\"container\" data-e-type=\"container\">\n\t\t\t\t\t<div class=\"e-con-inner\">\n\t\t\t\t<div class=\"elementor-element elementor-element-0a6970f elementor-widget elementor-widget-text-editor\" data-id=\"0a6970f\" data-element_type=\"widget\" data-e-type=\"widget\" data-widget_type=\"text-editor.default\">\n\t\t\t\t<div class=\"elementor-widget-container\">\n\t\t\t\t\t\t\t\t\t<p align=\"left\"><span style=\"color: #000080;\"><b>RANDONN\u00c9E MOULINS EN CISSE<\/b><br \/>Dimanche 10 mai 2026<\/span><\/p>\n<p align=\"left\"><span style=\"color: #000080;\"><a href=\"https:\/\/lamolineuvoise.fr\/Blog\/wp-content\/uploads\/2026\/01\/Rando2026_0510_affiche_600x800.png\"><img fetchpriority=\"high\" decoding=\"async\" class=\"size-medium wp-image-7443 alignleft\" src=\"https:\/\/lamolineuvoise.fr\/Blog\/wp-content\/uploads\/2026\/01\/Rando2026_0510_affiche_600x800-212x300.png\" alt=\"\" width=\"212\" height=\"300\" srcset=\"https:\/\/lamolineuvoise.fr\/blog\/wp-content\/uploads\/2026\/01\/Rando2026_0510_affiche_600x800-212x300.png 212w, https:\/\/lamolineuvoise.fr\/blog\/wp-content\/uploads\/2026\/01\/Rando2026_0510_affiche_600x800.png 600w\" sizes=\"(max-width: 212px) 100vw, 212px\" \/><\/a>4 parcours : 6, 10, 15 et 20km<br \/>D\u00e9part<\/span>\u00a0<span style=\"color: #000080;\">mairie de Molineuf<\/span>\u00a0<span style=\"color: #000080;\">: 20km\u00a0 de 7h30 \u00e0 9h0 &#8211; 15km :\u00a0 de 7h30 \u00e0 9h30 &#8211; 10km : de 7h30 \u00e0 10h0 &#8211; 6km : de 7h30 \u00e0 10h30<br \/>Tarifs : licenci\u00e9s : 3,0\u20ac &#8211;\u00a0 Non licenci\u00e9s : 3,5\u20ac<br \/><\/span><span style=\"color: #000080;\">Gratuit pour les moins de 14 ans<\/span><\/p>\t\t\t\t\t\t\t\t<\/div>\n\t\t\t\t<\/div>\n\t\t\t\t\t<\/div>\n\t\t\t\t<\/div>\n\t\t\t\t<\/div>\n\t\t<div id=\"e-n-tab-content-2065592592\" role=\"tabpanel\" aria-labelledby=\"e-n-tab-title-2065592592\" data-tab-index=\"2\" style=\"--n-tabs-title-order: 2;\" class=\" elementor-element elementor-element-094c3d5 e-flex e-con-boxed e-con e-child\" data-id=\"094c3d5\" data-element_type=\"container\" data-e-type=\"container\">\n\t\t\t\t\t<div class=\"e-con-inner\">\n\t\t<div class=\"elementor-element elementor-element-6bba10e e-con-full e-flex e-con e-child\" data-id=\"6bba10e\" data-element_type=\"container\" data-e-type=\"container\">\n\t\t\t\t<div class=\"elementor-element elementor-element-394d628 elementor-widget elementor-widget-text-editor\" data-id=\"394d628\" data-element_type=\"widget\" data-e-type=\"widget\" data-widget_type=\"text-editor.default\">\n\t\t\t\t<div class=\"elementor-widget-container\">\n\t\t\t\t\t\t\t\t\t<h3><strong>RANDONN\u00c9E NOCTURNE<\/strong><\/h3>\n<br>\n<p><strong><a href=\"https:\/\/lamolineuvoise.fr\/Blog\/wp-content\/uploads\/2026\/02\/RandoNocturne2026_0612-scaled.png\"><img decoding=\"async\" class=\"size-medium wp-image-7647 alignleft\" src=\"https:\/\/lamolineuvoise.fr\/Blog\/wp-content\/uploads\/2026\/02\/RandoNocturne2026_0612-212x300.png\" alt=\"\" width=\"212\" height=\"300\" srcset=\"https:\/\/lamolineuvoise.fr\/blog\/wp-content\/uploads\/2026\/02\/RandoNocturne2026_0612-212x300.png 212w, https:\/\/lamolineuvoise.fr\/blog\/wp-content\/uploads\/2026\/02\/RandoNocturne2026_0612-724x1024.png 724w, https:\/\/lamolineuvoise.fr\/blog\/wp-content\/uploads\/2026\/02\/RandoNocturne2026_0612-768x1086.png 768w, https:\/\/lamolineuvoise.fr\/blog\/wp-content\/uploads\/2026\/02\/RandoNocturne2026_0612-1086x1536.png 1086w, https:\/\/lamolineuvoise.fr\/blog\/wp-content\/uploads\/2026\/02\/RandoNocturne2026_0612-1448x2048.png 1448w, https:\/\/lamolineuvoise.fr\/blog\/wp-content\/uploads\/2026\/02\/RandoNocturne2026_0612-scaled.png 1810w\" sizes=\"(max-width: 212px) 100vw, 212px\" \/><\/a>Marche group\u00e9e de 10km environ<br \/>\n<\/strong><strong><em>Soupe \u00e0 l&rsquo;oignon et boissons \u00e0 l&rsquo;arriv\u00e9e<\/em><\/strong><br \/>\nVendredi 12\u00a0 juin \u00e0 Molineuf 22h0<br \/>\n<span style=\"font-size: 16px;\"><strong>Inscriptions<\/strong> : Mairie de Molineuf \u00e0 partir de 21h30<br \/>\nPr\u00e9inscriptions en ligne : <a href=\"https:\/\/docs.google.com\/forms\/d\/e\/1FAIpQLSdsTLNOfgj_HJCerpBz7omjGYnxTozIZz7MIu6e6s5bsKP0fg\/viewform?usp=publish-editor\" target=\"_blank\" rel=\"noopener\"><strong>S&rsquo;inscrire<\/strong><\/a><br \/>\n<strong>Tarifs<\/strong> : 1,5\u20ac (sans participation \u00e0 la soupe \u00e0 l&rsquo;oignon) &#8211; 3,0\u20ac (avec soupe \u00e0 l&rsquo;oignon)<br \/>\n<strong>Equipement<\/strong> : Pr\u00e9voir lampe frontale ou lampe torche &#8211; gilet r\u00e9tror\u00e9fl\u00e9chissant recommand\u00e9<\/span><\/p>\n<p>Chiens tenus en laisse<br \/>\n<br \/>\n<\/p>\n<p>&nbsp;<\/p>\n<p>&nbsp;<\/p>\t\t\t\t\t\t\t\t<\/div>\n\t\t\t\t<\/div>\n\t\t\t\t<\/div>\n\t\t\t\t\t<\/div>\n\t\t\t\t<\/div>\n\t\t<div id=\"e-n-tab-content-2065592593\" role=\"tabpanel\" aria-labelledby=\"e-n-tab-title-2065592593\" data-tab-index=\"3\" style=\"--n-tabs-title-order: 3;\" class=\" elementor-element elementor-element-f32c97e e-flex e-con-boxed e-con e-child\" data-id=\"f32c97e\" data-element_type=\"container\" data-e-type=\"container\">\n\t\t\t\t\t<div class=\"e-con-inner\">\n\t\t<div class=\"elementor-element elementor-element-b662d03 e-con-full e-flex e-con e-child\" data-id=\"b662d03\" data-element_type=\"container\" data-e-type=\"container\">\n\t\t\t\t<div class=\"elementor-element elementor-element-d94710e elementor-widget elementor-widget-text-editor\" data-id=\"d94710e\" data-element_type=\"widget\" data-e-type=\"widget\" data-widget_type=\"text-editor.default\">\n\t\t\t\t<div class=\"elementor-widget-container\">\n\t\t\t\t\t\t\t\t\t<p><strong>ASSEMBL\u00c9E G\u00c9N\u00c9RALE<\/strong><\/p>\n<ul>\n<li>Vendredi 4 septembre 2026<\/li>\n<li>salle des f\u00eates de Molineuf<br \/>\u00e0 partir de 19h<\/li>\n<\/ul>\t\t\t\t\t\t\t\t<\/div>\n\t\t\t\t<\/div>\n\t\t\t\t<\/div>\n\t\t\t\t\t<\/div>\n\t\t\t\t<\/div>\n\t\t\t\t\t<\/div>\n\t\t<\/div>\n\t\t\t\t\t\t<\/div>\n\t\t\t\t<\/div>\n\t\t\t\t<div class=\"elementor-element elementor-element-fba58ce elementor-widget elementor-widget-heading\" data-id=\"fba58ce\" data-element_type=\"widget\" data-e-type=\"widget\" data-widget_type=\"heading.default\">\n\t\t\t\t<div class=\"elementor-widget-container\">\n\t\t\t\t\t<h4 class=\"elementor-heading-title elementor-size-default\">La Molineuvoise.......en quelques mots...<\/h4>\t\t\t\t<\/div>\n\t\t\t\t<\/div>\n\t\t\t\t<div class=\"elementor-element elementor-element-99d81ee elementor-widget-divider--view-line elementor-widget elementor-widget-divider\" data-id=\"99d81ee\" data-element_type=\"widget\" data-e-type=\"widget\" data-widget_type=\"divider.default\">\n\t\t\t\t<div class=\"elementor-widget-container\">\n\t\t\t\t\t\t\t<div class=\"elementor-divider\">\n\t\t\t<span class=\"elementor-divider-separator\">\n\t\t\t\t\t\t<\/span>\n\t\t<\/div>\n\t\t\t\t\t\t<\/div>\n\t\t\t\t<\/div>\n\t\t\t\t<div class=\"elementor-element elementor-element-8d05b70 elementor-widget elementor-widget-text-editor\" data-id=\"8d05b70\" data-element_type=\"widget\" data-e-type=\"widget\" data-widget_type=\"text-editor.default\">\n\t\t\t\t<div class=\"elementor-widget-container\">\n\t\t\t\t\t\t\t\t\t<p id=\"texteArt\" align=\"justify\">Association loi de 1901 (n\u00b0RNA : W411001717), La Molineuvoise a son si\u00e8ge social \u00e0\u00a0<a href=\"https:\/\/lamolineuvoise.fr\/Blog\/molineuf\/\">Molineuf<\/a>, commune d\u00e9l\u00e9gu\u00e9e de la commune nouvelle de Valencisse dans le <a href=\"https:\/\/lamolineuvoise.fr\/Blog\/le-loir-et-cher\/\">Loir-et-Cher<\/a>. Molineuf est situ\u00e9 au c\u0153ur de la\u00a0<a href=\"https:\/\/lamolineuvoise.fr\/Blog\/la-cisse\/\">vall\u00e9e de la Cisse<\/a> \u00e0\u00a0 moins de 10 km \u00e0 l&rsquo;ouest de Blois dont elle est uniquement s\u00e9par\u00e9e par la for\u00eat domaniale de Blois.<\/p>\n<p align=\"justify\">Depuis de nombreuses ann\u00e9es, La Molineuvoise organise des randonn\u00e9es p\u00e9destres ou VTT \u00e0 Molineuf et ses environs afin de faire d\u00e9couvrir la beaut\u00e9 des paysages de la vall\u00e9e de la Cisse et de la\u00a0<a href=\"https:\/\/lamolineuvoise.fr\/Blog\/la-foret-de-blois\/\">for\u00eat de Blois<\/a>. C&rsquo;est dans cet esprit qu&rsquo;elle organise depuis 2013\u00a0<a href=\"https:\/\/www.lamolineuvoise.fr\/radeaux_Cisse.htm\">la f\u00eate des radeaux de la Cisse<\/a>.<br \/>Par ailleurs, la Molineuvoise a organis\u00e9 depuis 2003\u00a0<a href=\"https:\/\/www.lamolineuvoise.fr\/rando2Jours.htm\" target=\"_self\">des randonn\u00e9es p\u00e9destres sur 2 jours\u00a0<\/a>qui \u00e9taient ouvertes \u00e0 tous. Depuis 2017, elle a d\u00e9cid\u00e9 de mettre cette activit\u00e9 en suspens. En contrepartie, elle propose \u00e0 ses adh\u00e9rents des \u00ab\u00a0<a href=\"https:\/\/www.lamolineuvoise.fr\/Sorties_rando.htm\">sorties randonn\u00e9e\u00a0\u00bb<\/a>\u00a0qui se d\u00e9roulent sur plusieurs jours, permettant ainsi de d\u00e9couvrir d&rsquo;autres r\u00e9gions plus \u00e9loign\u00e9es.<\/p>\t\t\t\t\t\t\t\t<\/div>\n\t\t\t\t<\/div>\n\t\t\t\t\t<\/div>\n\t\t<\/div>\n\t\t\t\t\t<\/div>\n\t\t<\/section>\n\t\t<div class=\"elementor-element elementor-element-70f6a58 e-flex e-con-boxed e-con e-parent\" data-id=\"70f6a58\" data-element_type=\"container\" data-e-type=\"container\">\n\t\t\t\t\t<div class=\"e-con-inner\">\n\t\t<div class=\"elementor-element elementor-element-5dcb18a e-con-full e-flex e-con e-child\" data-id=\"5dcb18a\" data-element_type=\"container\" data-e-type=\"container\">\n\t\t\t\t<div class=\"elementor-element elementor-element-c6f36cd elementor-widget elementor-widget-heading\" data-id=\"c6f36cd\" data-element_type=\"widget\" data-e-type=\"widget\" data-widget_type=\"heading.default\">\n\t\t\t\t<div class=\"elementor-widget-container\">\n\t\t\t\t\t<h4 class=\"elementor-heading-title elementor-size-default\">Venir \u00e0 Molineuf<\/h4>\t\t\t\t<\/div>\n\t\t\t\t<\/div>\n\t\t\t\t<div class=\"elementor-element elementor-element-f3f605b elementor-widget-divider--view-line elementor-widget elementor-widget-divider\" data-id=\"f3f605b\" data-element_type=\"widget\" data-e-type=\"widget\" data-widget_type=\"divider.default\">\n\t\t\t\t<div class=\"elementor-widget-container\">\n\t\t\t\t\t\t\t<div class=\"elementor-divider\">\n\t\t\t<span class=\"elementor-divider-separator\">\n\t\t\t\t\t\t<\/span>\n\t\t<\/div>\n\t\t\t\t\t\t<\/div>\n\t\t\t\t<\/div>\n\t\t\t\t<\/div>\n\t\t\t\t\t<\/div>\n\t\t\t\t<\/div>\n\t\t\t\t<section class=\"elementor-section elementor-top-section elementor-element elementor-element-d4c72d2 elementor-section-boxed elementor-section-height-default elementor-section-height-default\" data-id=\"d4c72d2\" data-element_type=\"section\" data-e-type=\"section\">\n\t\t\t\t\t\t<div class=\"elementor-container elementor-column-gap-default\">\n\t\t\t\t\t<div class=\"elementor-column elementor-col-100 elementor-top-column elementor-element elementor-element-04e3764\" data-id=\"04e3764\" data-element_type=\"column\" data-e-type=\"column\">\n\t\t\t<div class=\"elementor-widget-wrap elementor-element-populated\">\n\t\t\t\t\t\t<div class=\"elementor-element elementor-element-4d62ca8 elementor-widget elementor-widget-google_maps\" data-id=\"4d62ca8\" data-element_type=\"widget\" data-e-type=\"widget\" data-widget_type=\"google_maps.default\">\n\t\t\t\t<div class=\"elementor-widget-container\">\n\t\t\t\t\t\t\t<div class=\"elementor-custom-embed\">\n\t\t\t<iframe loading=\"lazy\"\n\t\t\t\t\tsrc=\"https:\/\/maps.google.com\/maps?q=Mairie%20de%20valencisse%2041190%20Valencissse&#038;t=m&#038;z=13&#038;output=embed&#038;iwloc=near\"\n\t\t\t\t\ttitle=\"Mairie de valencisse 41190 Valencissse\"\n\t\t\t\t\taria-label=\"Mairie de valencisse 41190 Valencissse\"\n\t\t\t><\/iframe>\n\t\t<\/div>\n\t\t\t\t\t\t<\/div>\n\t\t\t\t<\/div>\n\t\t\t\t\t<\/div>\n\t\t<\/div>\n\t\t\t\t\t<\/div>\n\t\t<\/section>\n\t\t\t\t<\/div>\n\t\t","protected":false},"excerpt":{"rendered":"<p>La Molineuvoise Le plaisir de marcher Dates \u00e0 retenir Randonn\u00e9e Moulins en Cisse Randonn\u00e9e nocturne Assembl\u00e9e g\u00e9n\u00e9rale RANDONN\u00c9E MOULINS EN CISSEDimanche 10 mai 2026 4 parcours : 6, 10, 15 [&hellip;]<\/p>\n","protected":false},"author":3,"featured_media":0,"parent":0,"menu_order":0,"comment_status":"closed","ping_status":"closed","template":"","meta":{"om_disable_all_campaigns":false,"_uag_custom_page_level_css":"","site-sidebar-layout":"default","site-content-layout":"page-builder","ast-site-content-layout":"default","site-content-style":"default","site-sidebar-style":"default","ast-global-header-display":"","ast-banner-title-visibility":"","ast-main-header-display":"","ast-hfb-above-header-display":"","ast-hfb-below-header-display":"","ast-hfb-mobile-header-display":"","site-post-title":"disabled","ast-breadcrumbs-content":"","ast-featured-img":"disabled","footer-sml-layout":"","ast-disable-related-posts":"","theme-transparent-header-meta":"default","adv-header-id-meta":"","stick-header-meta":"","header-above-stick-meta":"","header-main-stick-meta":"","header-below-stick-meta":"","astra-migrate-meta-layouts":"set","ast-page-background-enabled":"default","ast-page-background-meta":{"desktop":{"background-color":"var(--ast-global-color-5)","background-image":"","background-repeat":"repeat","background-position":"center center","background-size":"auto","background-attachment":"scroll","background-type":"","background-media":"","overlay-type":"","overlay-color":"","overlay-opacity":"","overlay-gradient":""},"tablet":{"background-color":"","background-image":"","background-repeat":"repeat","background-position":"center center","background-size":"auto","background-attachment":"scroll","background-type":"","background-media":"","overlay-type":"","overlay-color":"","overlay-opacity":"","overlay-gradient":""},"mobile":{"background-color":"","background-image":"","background-repeat":"repeat","background-position":"center center","background-size":"auto","background-attachment":"scroll","background-type":"","background-media":"","overlay-type":"","overlay-color":"","overlay-opacity":"","overlay-gradient":""}},"ast-content-background-meta":{"desktop":{"background-color":"var(--ast-global-color-4)","background-image":"","background-repeat":"repeat","background-position":"center center","background-size":"auto","background-attachment":"scroll","background-type":"","background-media":"","overlay-type":"","overlay-color":"","overlay-opacity":"","overlay-gradient":""},"tablet":{"background-color":"var(--ast-global-color-4)","background-image":"","background-repeat":"repeat","background-position":"center center","background-size":"auto","background-attachment":"scroll","background-type":"","background-media":"","overlay-type":"","overlay-color":"","overlay-opacity":"","overlay-gradient":""},"mobile":{"background-color":"var(--ast-global-color-4)","background-image":"","background-repeat":"repeat","background-position":"center center","background-size":"auto","background-attachment":"scroll","background-type":"","background-media":"","overlay-type":"","overlay-color":"","overlay-opacity":"","overlay-gradient":""}},"ngg_post_thumbnail":0,"_EventAllDay":false,"_EventTimezone":"","_EventStartDate":"","_EventEndDate":"","_EventStartDateUTC":"","_EventEndDateUTC":"","_EventShowMap":false,"_EventShowMapLink":false,"_EventURL":"","_EventCost":"","_EventCostDescription":"","_EventCurrencySymbol":"","_EventCurrencyCode":"","_EventCurrencyPosition":"","_EventDateTimeSeparator":"","_EventTimeRangeSeparator":"","_EventOrganizerID":[],"_EventVenueID":[],"_OrganizerEmail":"","_OrganizerPhone":"","_OrganizerWebsite":"","_VenueAddress":"","_VenueCity":"","_VenueCountry":"","_VenueProvince":"","_VenueState":"","_VenueZip":"","_VenuePhone":"","_VenueURL":"","_VenueStateProvince":"","_VenueLat":"","_VenueLng":"","_VenueShowMap":false,"_VenueShowMapLink":false,"footnotes":""},"class_list":["post-1322","page","type-page","status-publish","hentry"],"uagb_featured_image_src":{"full":false,"thumbnail":false,"medium":false,"medium_large":false,"large":false,"1536x1536":false,"2048x2048":false},"uagb_author_info":{"display_name":"LA MOLINEUVOISE","author_link":"https:\/\/lamolineuvoise.fr\/blog\/author\/a_2meen\/"},"uagb_comment_info":0,"uagb_excerpt":"La Molineuvoise Le plaisir de marcher Dates \u00e0 retenir Randonn\u00e9e Moulins en Cisse Randonn\u00e9e nocturne Assembl\u00e9e g\u00e9n\u00e9rale RANDONN\u00c9E MOULINS EN CISSEDimanche 10 mai 2026 4 parcours : 6, 10, 15 [&hellip;]","_links":{"self":[{"href":"https:\/\/lamolineuvoise.fr\/blog\/wp-json\/wp\/v2\/pages\/1322","targetHints":{"allow":["GET"]}}],"collection":[{"href":"https:\/\/lamolineuvoise.fr\/blog\/wp-json\/wp\/v2\/pages"}],"about":[{"href":"https:\/\/lamolineuvoise.fr\/blog\/wp-json\/wp\/v2\/types\/page"}],"author":[{"embeddable":true,"href":"https:\/\/lamolineuvoise.fr\/blog\/wp-json\/wp\/v2\/users\/3"}],"replies":[{"embeddable":true,"href":"https:\/\/lamolineuvoise.fr\/blog\/wp-json\/wp\/v2\/comments?post=1322"}],"version-history":[{"count":477,"href":"https:\/\/lamolineuvoise.fr\/blog\/wp-json\/wp\/v2\/pages\/1322\/revisions"}],"predecessor-version":[{"id":8197,"href":"https:\/\/lamolineuvoise.fr\/blog\/wp-json\/wp\/v2\/pages\/1322\/revisions\/8197"}],"wp:attachment":[{"href":"https:\/\/lamolineuvoise.fr\/blog\/wp-json\/wp\/v2\/media?parent=1322"}],"curies":[{"name":"wp","href":"https:\/\/api.w.org\/{rel}","templated":true}]}}